{"id":40,"date":"2025-02-05T18:59:17","date_gmt":"2025-02-05T18:59:17","guid":{"rendered":"https:\/\/www.amssa.mr\/?page_id=40"},"modified":"2025-02-05T22:22:25","modified_gmt":"2025-02-05T22:22:25","slug":"instances","status":"publish","type":"page","link":"https:\/\/www.amssa.mr\/?page_id=40","title":{"rendered":"Instances"},"content":{"rendered":"\n<p><strong><u>1.Conseil d&rsquo;administration<\/u><\/strong><\/p>\n\n\n\n<ul class=\"wp-block-list\">\n<li>Un Pr\u00e9sident ;<\/li>\n\n\n\n<li>Un repr\u00e9sentant du Minist\u00e8re en charge du Commerce ;<\/li>\n\n\n\n<li>Un repr\u00e9sentant du Minist\u00e8re en charge de la Sant\u00e9 ;<\/li>\n<\/ul>\n\n\n\n<ul class=\"wp-block-list\">\n<li>Un repr\u00e9sentant du Minist\u00e8re en charge des Finances ;<\/li>\n\n\n\n<li>Un repr\u00e9sentant du Minist\u00e8re en charge de l&rsquo;Int\u00e9rieur ;<\/li>\n\n\n\n<li>Un repr\u00e9sentant du Minist\u00e8re en charge de l&rsquo;Economie ;<\/li>\n\n\n\n<li>Un repr\u00e9sentant du Minist\u00e8re en charge de la P\u00eache ;<\/li>\n\n\n\n<li>Un repr\u00e9sentant du Minist\u00e8re en charge de l&rsquo;Agriculture ;<\/li>\n\n\n\n<li>Un repr\u00e9sentant du Minist\u00e8re en charge de l&rsquo;Elevage ;<\/li>\n\n\n\n<li>Un repr\u00e9sentant du Minist\u00e8re en charge de l&rsquo;Industrie ;<\/li>\n\n\n\n<li>Un repr\u00e9sentant du Minist\u00e8re en charge de l&rsquo;Hydraulique ;<\/li>\n\n\n\n<li>Un repr\u00e9sentant du Minist\u00e8re en charge de la Recherche Scientifique ;<\/li>\n<\/ul>\n\n\n\n<ul class=\"wp-block-list\">\n<li>Un repr\u00e9sentant du Minist\u00e8re en charge de l&rsquo;Environnement ;<\/li>\n\n\n\n<li>Un repr\u00e9sentants de la coordination des associations de protection des consommateurs;<\/li>\n\n\n\n<li>Un repr\u00e9sentant du forum du consommateur mauritanien ;<\/li>\n\n\n\n<li>Un repr\u00e9sentant du personnel de l&rsquo;AMSSA<\/li>\n<\/ul>\n\n\n\n<p>Le Conseil d&rsquo;Administration de l&rsquo;AMSSA d\u00e9finit les orientations strat\u00e9giques de l&rsquo;agence en mati\u00e8re de s\u00e9curit\u00e9 sanitaire des aliments et veille \u00e0 leur mise en \u0153uvre. Il coordonne les actions de l\u2019agence, tout en respectant les r\u00e9glementations nationales et internationales, notamment en mati\u00e8re de contr\u00f4le officiel et de gestion des risques sanitaires. Le Conseil garantit une composition \u00e9quilibr\u00e9e de ses membres, assurant professionnalisme, impartialit\u00e9 et objectivit\u00e9 dans ses d\u00e9cisions, il veille \u00e9galement \u00e0 ce que les objectifs du travail fix\u00e9s sont r\u00e9alis\u00e9s d\u2019une mani\u00e8re efficiente et rassurante.<\/p>\n\n\n\n<p><strong><u>2.Comit\u00e9 de Gestion<\/u><\/strong><\/p>\n\n\n\n<p>Le <strong>Comit\u00e9 de Gestion<\/strong> de l&rsquo;Agence Mauritanienne de S\u00e9curit\u00e9 Sanitaire des Aliments (AMSSA) est un organe cl\u00e9 dans le processus de prise de d\u00e9cision et de gestion financi\u00e8re. Il veille \u00e0 la bonne gestion des ressources, particuli\u00e8rement le budget. Sa composition est :<\/p>\n\n\n\n<p><strong>. Le Pr\u00e9sident du Comit\u00e9 de Gestion<\/strong><\/p>\n\n\n\n<p>&nbsp;Le Pr\u00e9sident est obligatoirement le pr\u00e9sident du conseil d\u2019administration de l&rsquo;AMSSA. Il dirige le comit\u00e9, pr\u00e9side les r\u00e9unions, et propose l\u2019ex\u00e9cution budg\u00e9taire au conseil d\u2019administration.<\/p>\n\n\n\n<p><strong>. Les Membres<\/strong><\/p>\n\n\n\n<p>Les membres du comit\u00e9 de gestion de l\u2019AMSSA, sont les deux repr\u00e9sentants de deux tutelles avec les repr\u00e9sentants du minist\u00e8re en charges de la recherche scientifique<\/p>\n\n\n\n<p>&nbsp;Le secr\u00e9tariat du conseil d\u2019administration et du comit\u00e9 de gestion est assur\u00e9 obligatoirement par la direction g\u00e9n\u00e9rale de l\u2019AMSSA<\/p>\n\n\n\n<p><strong><u>3.Comit\u00e9 scientifique<\/u><\/strong><\/p>\n\n\n\n<p>Le conseil d&rsquo;administration met en place un comit\u00e9 scientifique dont la mission sera d&rsquo;appuyer la direction g\u00e9n\u00e9rale dans la prise des d\u00e9cisions relevant de la comp\u00e9tence de l&rsquo;Agence, il se compose de sept membres justifiant des comp\u00e9tences techniques et scientifiques av\u00e9r\u00e9es sur la s\u00e9curit\u00e9 sanitaire des aliments, Ils sont choisis \u00e0 la suite d&rsquo;une s\u00e9lection des dossiers organis\u00e9e par le Minist\u00e8re en charge du Commerce. Le pr\u00e9sident du comit\u00e9 scientifique est nomm\u00e9 parmi ses membres par arr\u00eat\u00e9 du Ministre en charge du Commerce. La composition du comit\u00e9 scientifique et son mode de fonctionnement seront fix\u00e9s par un arr\u00eat\u00e9 du Ministre en charge du Commerce.<\/p>\n\n\n\n<p>Les membres du comit\u00e9 scientifique devront, avant leur entr\u00e9e en fonction, d\u00e9clarer sur l&rsquo;honneur qu&rsquo;ils se retireront du processus de prise de d\u00e9cision sur tout dossier par rapport auquel ils pourraient \u00eatre en conflit d&rsquo;int\u00e9r\u00eat.<\/p>\n\n\n\n<p>Ledit arr\u00eat\u00e9 est en cours d\u2019\u00e9tablissement<\/p>\n","protected":false},"excerpt":{"rendered":"<p>1.Conseil d&rsquo;administration Le Conseil d&rsquo;Administration de l&rsquo;AMSSA d\u00e9finit les orientations strat\u00e9giques de l&rsquo;agence en mati\u00e8re de s\u00e9curit\u00e9 sanitaire des aliments et veille \u00e0 leur mise en \u0153uvre. Il coordonne les&hellip; <\/p>\n","protected":false},"author":1,"featured_media":0,"parent":0,"menu_order":0,"comment_status":"closed","ping_status":"closed","template":"","meta":{"footnotes":""},"class_list":["post-40","page","type-page","status-publish","hentry"],"_links":{"self":[{"href":"https:\/\/www.amssa.mr\/index.php?rest_route=\/wp\/v2\/pages\/40","targetHints":{"allow":["GET"]}}],"collection":[{"href":"https:\/\/www.amssa.mr\/index.php?rest_route=\/wp\/v2\/pages"}],"about":[{"href":"https:\/\/www.amssa.mr\/index.php?rest_route=\/wp\/v2\/types\/page"}],"author":[{"embeddable":true,"href":"https:\/\/www.amssa.mr\/index.php?rest_route=\/wp\/v2\/users\/1"}],"replies":[{"embeddable":true,"href":"https:\/\/www.amssa.mr\/index.php?rest_route=%2Fwp%2Fv2%2Fcomments&post=40"}],"version-history":[{"count":3,"href":"https:\/\/www.amssa.mr\/index.php?rest_route=\/wp\/v2\/pages\/40\/revisions"}],"predecessor-version":[{"id":62,"href":"https:\/\/www.amssa.mr\/index.php?rest_route=\/wp\/v2\/pages\/40\/revisions\/62"}],"wp:attachment":[{"href":"https:\/\/www.amssa.mr\/index.php?rest_route=%2Fwp%2Fv2%2Fmedia&parent=40"}],"curies":[{"name":"wp","href":"https:\/\/api.w.org\/{rel}","templated":true}]}}