{"id":24,"date":"2025-02-05T17:56:51","date_gmt":"2025-02-05T17:56:51","guid":{"rendered":"https:\/\/www.amssa.mr\/?page_id=24"},"modified":"2025-02-17T00:47:23","modified_gmt":"2025-02-17T00:47:23","slug":"presentation","status":"publish","type":"page","link":"https:\/\/www.amssa.mr\/?page_id=24","title":{"rendered":"Pr\u00e9sentation"},"content":{"rendered":"\n<p class=\"has-text-align-left\">L\u2019Agence Mauritanienne de S\u00e9curit\u00e9 Sanitaire des Aliments (AMSSA) est un \u00e9tablissement public \u00e0 caract\u00e8re industriel et commercial, dot\u00e9 de la personnalit\u00e9 morale et de l\u2019autonomie financi\u00e8re, cr\u00e9\u00e9 par le d\u00e9cret n\u00b0025-2023 du 26 janvier 2023. Elle est plac\u00e9e sous la tutelle du minist\u00e8re en charge du Commerce.<\/p>\n\n\n\n<p class=\"has-text-align-left\">L&rsquo;<strong>AMSSA<\/strong>, exerce pour le compte de l&rsquo;\u00c9tat, les missions de protection de la sant\u00e9 du consommateur et de s\u00e9curit\u00e9 des aliments. Elle contr\u00f4le la qualit\u00e9 des produits alimentaires, pr\u00e9vient les risques sanitaires et veille \u00e0 la conformit\u00e9 des aliments tout au long de la cha\u00eene alimentaire.<\/p>\n","protected":false},"excerpt":{"rendered":"<p>L\u2019Agence Mauritanienne de S\u00e9curit\u00e9 Sanitaire des Aliments (AMSSA) est un \u00e9tablissement public \u00e0 caract\u00e8re industriel et commercial, dot\u00e9 de la personnalit\u00e9 morale et de l\u2019autonomie financi\u00e8re, cr\u00e9\u00e9 par le d\u00e9cret&hellip; <\/p>\n","protected":false},"author":1,"featured_media":0,"parent":0,"menu_order":0,"comment_status":"closed","ping_status":"closed","template":"","meta":{"footnotes":""},"class_list":["post-24","page","type-page","status-publish","hentry"],"_links":{"self":[{"href":"https:\/\/www.amssa.mr\/index.php?rest_route=\/wp\/v2\/pages\/24","targetHints":{"allow":["GET"]}}],"collection":[{"href":"https:\/\/www.amssa.mr\/index.php?rest_route=\/wp\/v2\/pages"}],"about":[{"href":"https:\/\/www.amssa.mr\/index.php?rest_route=\/wp\/v2\/types\/page"}],"author":[{"embeddable":true,"href":"https:\/\/www.amssa.mr\/index.php?rest_route=\/wp\/v2\/users\/1"}],"replies":[{"embeddable":true,"href":"https:\/\/www.amssa.mr\/index.php?rest_route=%2Fwp%2Fv2%2Fcomments&post=24"}],"version-history":[{"count":3,"href":"https:\/\/www.amssa.mr\/index.php?rest_route=\/wp\/v2\/pages\/24\/revisions"}],"predecessor-version":[{"id":390,"href":"https:\/\/www.amssa.mr\/index.php?rest_route=\/wp\/v2\/pages\/24\/revisions\/390"}],"wp:attachment":[{"href":"https:\/\/www.amssa.mr\/index.php?rest_route=%2Fwp%2Fv2%2Fmedia&parent=24"}],"curies":[{"name":"wp","href":"https:\/\/api.w.org\/{rel}","templated":true}]}}