{"id":13,"date":"2025-02-05T17:52:47","date_gmt":"2025-02-05T17:52:47","guid":{"rendered":"https:\/\/www.amssa.mr\/?page_id=13"},"modified":"2025-02-17T00:49:00","modified_gmt":"2025-02-17T00:49:00","slug":"laboratoires","status":"publish","type":"page","link":"https:\/\/www.amssa.mr\/?page_id=13","title":{"rendered":"Laboratoires"},"content":{"rendered":"\n<p>Le laboratoire de l&rsquo;AMSSA est une espace d\u00e9di\u00e9e aux analyses alimentaires. Ses missions principales\u00a0sont la r\u00e9alisation d&rsquo;analyses microbiologiques et physicochimiques pour les contaminations des aliments. L\u2019objectif vis\u00e9 est de fournir des r\u00e9sultats et des bulletins d\u2019analyses fiables facilitant les interpr\u00e9tations scientifiques afin de g\u00e9rer les cas de contaminations et les intoxications alimentaires, ce qui favorisera la pr\u00e9vention de la sant\u00e9 publique en garantissant la qualit\u00e9 des produits consomm\u00e9s.<\/p>\n\n\n\n<p><\/p>\n","protected":false},"excerpt":{"rendered":"<p>Le laboratoire de l&rsquo;AMSSA est une espace d\u00e9di\u00e9e aux analyses alimentaires. Ses missions principales\u00a0sont la r\u00e9alisation d&rsquo;analyses microbiologiques et physicochimiques pour les contaminations des aliments. L\u2019objectif vis\u00e9 est de fournir&hellip; <\/p>\n","protected":false},"author":1,"featured_media":0,"parent":0,"menu_order":0,"comment_status":"closed","ping_status":"closed","template":"","meta":{"footnotes":""},"class_list":["post-13","page","type-page","status-publish","hentry"],"_links":{"self":[{"href":"https:\/\/www.amssa.mr\/index.php?rest_route=\/wp\/v2\/pages\/13","targetHints":{"allow":["GET"]}}],"collection":[{"href":"https:\/\/www.amssa.mr\/index.php?rest_route=\/wp\/v2\/pages"}],"about":[{"href":"https:\/\/www.amssa.mr\/index.php?rest_route=\/wp\/v2\/types\/page"}],"author":[{"embeddable":true,"href":"https:\/\/www.amssa.mr\/index.php?rest_route=\/wp\/v2\/users\/1"}],"replies":[{"embeddable":true,"href":"https:\/\/www.amssa.mr\/index.php?rest_route=%2Fwp%2Fv2%2Fcomments&post=13"}],"version-history":[{"count":2,"href":"https:\/\/www.amssa.mr\/index.php?rest_route=\/wp\/v2\/pages\/13\/revisions"}],"predecessor-version":[{"id":391,"href":"https:\/\/www.amssa.mr\/index.php?rest_route=\/wp\/v2\/pages\/13\/revisions\/391"}],"wp:attachment":[{"href":"https:\/\/www.amssa.mr\/index.php?rest_route=%2Fwp%2Fv2%2Fmedia&parent=13"}],"curies":[{"name":"wp","href":"https:\/\/api.w.org\/{rel}","templated":true}]}}